{"id":45,"date":"2025-07-05T12:20:16","date_gmt":"2025-07-05T10:20:16","guid":{"rendered":"https:\/\/www.iww.fi\/?page_id=45"},"modified":"2025-07-09T19:21:45","modified_gmt":"2025-07-09T17:21:45","slug":"register","status":"publish","type":"page","link":"https:\/\/www.iww.fi\/fi\/register\/","title":{"rendered":"Liittyminen"},"content":{"rendered":"<p>Alueellinen hallintomme (WISERA) k\u00e4sittelee IWW Suomeen liittymist\u00e4 koskevia asioita. Noudata yst\u00e4v\u00e4llisesti alla olevia ohjeita tehdess\u00e4si j\u00e4senhakemusta. Kun olet liittynyt j\u00e4seneksi, sinulle l\u00e4hetet\u00e4\u00e4n tervetuliaispaketti ja IWW Suomen paikallinen j\u00e4sen on sinuun yhteydess\u00e4 kuukausittaiseen j\u00e4senmaksuun ja muissa j\u00e4senyytesi viimeistelyyn liittyviss\u00e4 asioissa.<\/p>\n\n\n\n<p><\/p>\n\n\n\n<h2 class=\"wp-block-heading\">Ohjeet liittymiseen<\/h2>\n\n\n\n<p><\/p>\n\n\n\n<p class=\"has-background translation-block\" style=\"background-color:#ff5959\">ENSIMM\u00c4INEN VAIHE: <a href=\"https:\/\/nudb.iww.org.uk\/node\/1283\" target=\"_self\"><strong> Klikkaa t\u00e4st\u00e4 t\u00e4ytt\u00e4\u00e4ksesi j\u00e4senhakemuslomakkeen<\/strong><\/a>.<\/p>\n\n\n\n<p>L\u00f6yd\u00e4t lomakkeelta kaiken olennaisen j\u00e4senhakemusta koskevan tiedon, liittymisen ehdot, IWW - WISERA:n tavoitteet ja toimintatavat sek\u00e4 henkil\u00f6tietojen tietosuojaselosteen.<\/p>\n\n\n\n<p><strong>Ohjeet j\u00e4senhakemuksen t\u00e4ytt\u00e4miseen:<\/strong><\/p>\n\n\n\n<ul class=\"wp-block-list\">\n<li class=\"translation-block\">Valitse ensin vaihtoehdoista \u201cNEW, TRANSFERRING OR RETURNING MEMBER?\u201c<\/li>\n\n\n\n<li class=\"translation-block\">T\u00e4yt\u00e4 seuraavaksi tietosi kohdassa \u201cYOUR DETAILS\u201c. Huom: Sukunimen antaminen on valinnaista. Etunimen\u00e4 on mahdollista k\u00e4ytt\u00e4\u00e4 pseudonyymi\u00e4. S\u00e4hk\u00f6postiosoitteen tulee olla toimiva. V\u00e4lt\u00e4 Hotmail- ja Outlook-osoitteiden k\u00e4ytt\u00f6\u00e4, sill\u00e4 ne voivat joskus aiheuttaa teknisi\u00e4 ongelmia j\u00e4senhakemuksessa.<\/li>\n\n\n\n<li class=\"translation-block\">Klikkaa viimeiseksi \u2018SUBMIT\u2019. Saat t\u00e4m\u00e4n j\u00e4lkeen s\u00e4hk\u00f6postiviestin, joka sis\u00e4lt\u00e4\u00e4 linkin t\u00e4yteen j\u00e4senhakemukseen. Klikkaa viestin linkki\u00e4.<\/li>\n<\/ul>\n\n\n\n<p><\/p>\n\n\n\n<p class=\"has-background translation-block\" style=\"background-color:#ff5959\">TOINEN VAIHE &gt; T\u00e4yt\u00e4 s\u00e4hk\u00f6postitse saamasi t\u00e4ysi j\u00e4senhakemuslomake.<\/p>\n\n\n\n<p><em>Ohjeet t\u00e4yden j\u00e4senhakemuslomakkeen t\u00e4ytt\u00e4miseen:<\/em><\/p>\n\n\n\n<ul class=\"wp-block-list\">\n<li class=\"translation-block\">Kohdassa \u201cPAYMENT DETAILS\u201c valitse \u201cI want to pay in Euros\u201d.<\/li>\n\n\n\n<li>In \u201c<strong>Monthly dues<\/strong>\u201d, select the amount closest to suggested amounts below (<em>On Monthly Income after Tax<\/em>):\n<ul class=\"wp-block-list\">\n<li>Unemployed or Self-employed &#8211; \u20ac1 <\/li>\n\n\n\n<li>Less than \u20ac500 &#8211; \u20ac2<\/li>\n\n\n\n<li>Between \u20ac500 to \u20ac999 &#8211; \u20ac5<\/li>\n\n\n\n<li>Between \u20ac1000 to \u20ac1500 &#8211; \u20ac10<\/li>\n\n\n\n<li>\u20ac1500 or above &#8211; \u20ac15<\/li>\n\n\n\n<li><em>New members are encouraged to make a voluntary contribution of an additional \u20ac5 to cover registration costs.<\/em><\/li>\n<\/ul>\n<\/li>\n\n\n\n<li class=\"has-background translation-block\" style=\"background-color:#f3e700\">HYVIN T\u00c4RKE\u00c4\u00c4: Kohdassa \u201cWill pay by monthly recurring card payments through Go Cardless, the IWW\u2019s third-party payment provider\u201d valitse\u00a0\"NO\". Huom: J\u00e4seneksi liittymisen j\u00e4lkeen tulemme olemaan erikseen yhteydess\u00e4 j\u00e4senmaksujen maksamiseksi paikallisen pankkiyhteyden kautta.<\/li>\n\n\n\n<li class=\"translation-block\">T\u00e4yt\u00e4 tietosi kohtaan \u201cDEMOGRAPHIC INFORMATION\u201c. Huom: Sukunimen antaminen on vapaaehtoista. Etunimen\u00e4 on mahdollista k\u00e4ytt\u00e4\u00e4 pseudonyymi\u00e4. Katuosoitteen tulee olla oikea osoite, sill\u00e4 sinulle l\u00e4hetet\u00e4\u00e4n tervetuliaispaketti ja j\u00e4senkortti postitse.<\/li>\n\n\n\n<li class=\"translation-block\">T\u00c4RKE\u00c4\u00c4:\u00a0Kohdassa \u201cAre you joining as a PAWA member (Pan African Workers\u2019 Association)?\u201d valitse\u00a0\"NO\". Huom: Suomeen on parhaillaan perusteilla PAWA:n paikallinen osasto, mutta se tulee olemaan suoraan IWW Suomen hallinnoima.<\/li>\n\n\n\n<li class=\"translation-block\">Sy\u00f6t\u00e4 tietosi ja valintasi kohtaan \u201cACCESS REQUIREMENTS\u201c.<\/li>\n\n\n\n<li class=\"translation-block\">Syot\u00e4 tietosi kohtaan \u201cEMPLOYMENT DETAILS\u201c. Huom: IWW ei tule miss\u00e4\u00e4n tilanteessa olemaan yhteydess\u00e4 ty\u00f6nantajaasi ilman sinun lupaasi.<\/li>\n\n\n\n<li class=\"translation-block\">(VALINNAINEN) Sy\u00f6t\u00e4 tietosi kohtaan \u201cMEMBERSHIP IN OTHER UNIONS &amp; SKILLS THAT MAY BE OF USE TO THE IWW\u201c.<\/li>\n\n\n\n<li>Allekirjoita antamallasi etunimell\u00e4 \/ sukuminell\u00e4<\/li>\n\n\n\n<li class=\"translation-block\">Klikkaa painiketta \u201cSubmit Form\u201d sivun alalaidassa.<\/li>\n<\/ul>\n\n\n\n<p><\/p>\n\n\n\n<p class=\"has-background translation-block\" style=\"background-color:#ff5959\">KOLMAS VAIHE &gt; Hakemus on valmis \u2013 j\u00e4\u00e4 odottamaan yhteydenottoa<\/p>\n\n\n\n<p>IWW:n alueellinen hallinto (WISERA) k\u00e4sittelee hakemuksesi ja l\u00e4hett\u00e4\u00e4 j\u00e4senkortin sis\u00e4lt\u00e4v\u00e4n tervetuliaispaketin antamaasi osoitteeseen. IWW Suomi saa tiedon hakemuksestasi ja on sinuun yhteydess\u00e4 j\u00e4senmaksuun liittyviss\u00e4 asioissa, sek\u00e4 v\u00e4litt\u00e4\u00e4kseen tietoa viestint\u00e4kanavista, koulutuksista, kuukausittaisista kokouksista ja siit\u00e4, kuinka alkaa j\u00e4rjest\u00e4ytym\u00e4\u00e4n.<\/p>\n\n\n\n<p><\/p>\n\n\n\n<p class=\"has-background\" style=\"background-color:#f70000\"><strong>Tervetuloa mukaan!<\/strong><\/p>\n\n\n\n<p><\/p>","protected":false},"excerpt":{"rendered":"<p>Registration is handled by our regional administration (WISERA). Please follow the steps below to register. Once registration is complete, you will receive your welcome pack and be contacted by a member of IWW Suomi to finalise your membership, including the payment of your monthly dues. Instructions for Registration STEP ONE&gt; Click here to fill out [&hellip;]<\/p>","protected":false},"author":1,"featured_media":0,"parent":0,"menu_order":0,"comment_status":"closed","ping_status":"closed","template":"","meta":{"footnotes":""},"class_list":["post-45","page","type-page","status-publish","hentry"],"yoast_head":"<!-- This site is optimized with the Yoast SEO plugin v25.4 - https:\/\/yoast.com\/wordpress\/plugins\/seo\/ -->\n<title>Register - Industrial Workers of the World - IWW Suomi<\/title>\n<meta name=\"robots\" content=\"index, follow, max-snippet:-1, max-image-preview:large, max-video-preview:-1\" \/>\n<link rel=\"canonical\" href=\"https:\/\/www.iww.fi\/fi\/register\/\" \/>\n<meta property=\"og:locale\" content=\"fi_FI\" \/>\n<meta property=\"og:type\" content=\"article\" \/>\n<meta property=\"og:title\" content=\"Register - Industrial Workers of the World - IWW Suomi\" \/>\n<meta property=\"og:description\" content=\"Registration is handled by our regional administration (WISERA). Please follow the steps below to register. Once registration is complete, you will receive your welcome pack and be contacted by a member of IWW Suomi to finalise your membership, including the payment of your monthly dues. Instructions for Registration STEP ONE&gt; Click here to fill out [&hellip;]\" \/>\n<meta property=\"og:url\" content=\"https:\/\/www.iww.fi\/fi\/register\/\" \/>\n<meta property=\"og:site_name\" content=\"Industrial Workers of the World - IWW Suomi\" \/>\n<meta property=\"article:modified_time\" content=\"2025-07-09T17:21:45+00:00\" \/>\n<meta name=\"twitter:card\" content=\"summary_large_image\" \/>\n<meta name=\"twitter:label1\" content=\"Arvioitu lukuaika\" \/>\n\t<meta name=\"twitter:data1\" content=\"3 minuuttia\" \/>\n<script type=\"application\/ld+json\" class=\"yoast-schema-graph\">{\"@context\":\"https:\/\/schema.org\",\"@graph\":[{\"@type\":\"WebPage\",\"@id\":\"https:\/\/www.iww.fi\/register\/\",\"url\":\"https:\/\/www.iww.fi\/register\/\",\"name\":\"Register - Industrial Workers of the World - IWW Suomi\",\"isPartOf\":{\"@id\":\"https:\/\/www.iww.fi\/fi\/#website\"},\"datePublished\":\"2025-07-05T10:20:16+00:00\",\"dateModified\":\"2025-07-09T17:21:45+00:00\",\"breadcrumb\":{\"@id\":\"https:\/\/www.iww.fi\/register\/#breadcrumb\"},\"inLanguage\":\"fi\",\"potentialAction\":[{\"@type\":\"ReadAction\",\"target\":[\"https:\/\/www.iww.fi\/register\/\"]}]},{\"@type\":\"BreadcrumbList\",\"@id\":\"https:\/\/www.iww.fi\/register\/#breadcrumb\",\"itemListElement\":[{\"@type\":\"ListItem\",\"position\":1,\"name\":\"Home\",\"item\":\"https:\/\/www.iww.fi\/fi\/\"},{\"@type\":\"ListItem\",\"position\":2,\"name\":\"Register\"}]},{\"@type\":\"WebSite\",\"@id\":\"https:\/\/www.iww.fi\/fi\/#website\",\"url\":\"https:\/\/www.iww.fi\/fi\/\",\"name\":\"Union in Solidarity\",\"description\":\"Union in Solidarity\",\"publisher\":{\"@id\":\"https:\/\/www.iww.fi\/fi\/#organization\"},\"potentialAction\":[{\"@type\":\"SearchAction\",\"target\":{\"@type\":\"EntryPoint\",\"urlTemplate\":\"https:\/\/www.iww.fi\/fi\/?s={search_term_string}\"},\"query-input\":{\"@type\":\"PropertyValueSpecification\",\"valueRequired\":true,\"valueName\":\"search_term_string\"}}],\"inLanguage\":\"fi\"},{\"@type\":\"Organization\",\"@id\":\"https:\/\/www.iww.fi\/fi\/#organization\",\"name\":\"IWW Suomi\",\"url\":\"https:\/\/www.iww.fi\/fi\/\",\"logo\":{\"@type\":\"ImageObject\",\"inLanguage\":\"fi\",\"@id\":\"https:\/\/www.iww.fi\/fi\/#\/schema\/logo\/image\/\",\"url\":\"https:\/\/www.iww.fi\/wp-content\/uploads\/2025\/07\/silhouette-lynx-on-white-background-260nw-1027674424.jpg\",\"contentUrl\":\"https:\/\/www.iww.fi\/wp-content\/uploads\/2025\/07\/silhouette-lynx-on-white-background-260nw-1027674424.jpg\",\"width\":816,\"height\":948,\"caption\":\"IWW Suomi\"},\"image\":{\"@id\":\"https:\/\/www.iww.fi\/fi\/#\/schema\/logo\/image\/\"}}]}<\/script>\n<!-- \/ Yoast SEO plugin. -->","yoast_head_json":{"title":"Register - Industrial Workers of the World - IWW Suomi","robots":{"index":"index","follow":"follow","max-snippet":"max-snippet:-1","max-image-preview":"max-image-preview:large","max-video-preview":"max-video-preview:-1"},"canonical":"https:\/\/www.iww.fi\/fi\/register\/","og_locale":"fi_FI","og_type":"article","og_title":"Register - Industrial Workers of the World - IWW Suomi","og_description":"Registration is handled by our regional administration (WISERA). Please follow the steps below to register. Once registration is complete, you will receive your welcome pack and be contacted by a member of IWW Suomi to finalise your membership, including the payment of your monthly dues. Instructions for Registration STEP ONE&gt; Click here to fill out [&hellip;]","og_url":"https:\/\/www.iww.fi\/fi\/register\/","og_site_name":"Industrial Workers of the World - IWW Suomi","article_modified_time":"2025-07-09T17:21:45+00:00","twitter_card":"summary_large_image","twitter_misc":{"Arvioitu lukuaika":"3 minuuttia"},"schema":{"@context":"https:\/\/schema.org","@graph":[{"@type":"WebPage","@id":"https:\/\/www.iww.fi\/register\/","url":"https:\/\/www.iww.fi\/register\/","name":"Register - Industrial Workers of the World - IWW Suomi","isPartOf":{"@id":"https:\/\/www.iww.fi\/fi\/#website"},"datePublished":"2025-07-05T10:20:16+00:00","dateModified":"2025-07-09T17:21:45+00:00","breadcrumb":{"@id":"https:\/\/www.iww.fi\/register\/#breadcrumb"},"inLanguage":"fi","potentialAction":[{"@type":"ReadAction","target":["https:\/\/www.iww.fi\/register\/"]}]},{"@type":"BreadcrumbList","@id":"https:\/\/www.iww.fi\/register\/#breadcrumb","itemListElement":[{"@type":"ListItem","position":1,"name":"Home","item":"https:\/\/www.iww.fi\/fi\/"},{"@type":"ListItem","position":2,"name":"Register"}]},{"@type":"WebSite","@id":"https:\/\/www.iww.fi\/fi\/#website","url":"https:\/\/www.iww.fi\/fi\/","name":"Union in Solidarity","description":"Union in Solidarity","publisher":{"@id":"https:\/\/www.iww.fi\/fi\/#organization"},"potentialAction":[{"@type":"SearchAction","target":{"@type":"EntryPoint","urlTemplate":"https:\/\/www.iww.fi\/fi\/?s={search_term_string}"},"query-input":{"@type":"PropertyValueSpecification","valueRequired":true,"valueName":"search_term_string"}}],"inLanguage":"fi"},{"@type":"Organization","@id":"https:\/\/www.iww.fi\/fi\/#organization","name":"IWW Suomi","url":"https:\/\/www.iww.fi\/fi\/","logo":{"@type":"ImageObject","inLanguage":"fi","@id":"https:\/\/www.iww.fi\/fi\/#\/schema\/logo\/image\/","url":"https:\/\/www.iww.fi\/wp-content\/uploads\/2025\/07\/silhouette-lynx-on-white-background-260nw-1027674424.jpg","contentUrl":"https:\/\/www.iww.fi\/wp-content\/uploads\/2025\/07\/silhouette-lynx-on-white-background-260nw-1027674424.jpg","width":816,"height":948,"caption":"IWW Suomi"},"image":{"@id":"https:\/\/www.iww.fi\/fi\/#\/schema\/logo\/image\/"}}]}},"_links":{"self":[{"href":"https:\/\/www.iww.fi\/fi\/wp-json\/wp\/v2\/pages\/45","targetHints":{"allow":["GET"]}}],"collection":[{"href":"https:\/\/www.iww.fi\/fi\/wp-json\/wp\/v2\/pages"}],"about":[{"href":"https:\/\/www.iww.fi\/fi\/wp-json\/wp\/v2\/types\/page"}],"author":[{"embeddable":true,"href":"https:\/\/www.iww.fi\/fi\/wp-json\/wp\/v2\/users\/1"}],"replies":[{"embeddable":true,"href":"https:\/\/www.iww.fi\/fi\/wp-json\/wp\/v2\/comments?post=45"}],"version-history":[{"count":6,"href":"https:\/\/www.iww.fi\/fi\/wp-json\/wp\/v2\/pages\/45\/revisions"}],"predecessor-version":[{"id":158,"href":"https:\/\/www.iww.fi\/fi\/wp-json\/wp\/v2\/pages\/45\/revisions\/158"}],"wp:attachment":[{"href":"https:\/\/www.iww.fi\/fi\/wp-json\/wp\/v2\/media?parent=45"}],"curies":[{"name":"wp","href":"https:\/\/api.w.org\/{rel}","templated":true}]}}