{"id":35,"date":"2025-07-05T10:58:06","date_gmt":"2025-07-05T08:58:06","guid":{"rendered":"https:\/\/www.iww.fi\/?page_id=35"},"modified":"2025-07-10T16:00:04","modified_gmt":"2025-07-10T14:00:04","slug":"about","status":"publish","type":"page","link":"https:\/\/www.iww.fi\/fi\/about\/","title":{"rendered":"Info"},"content":{"rendered":"<blockquote class=\"wp-block-quote is-layout-flow wp-block-quote-is-layout-flow\">\n<p><em>Ty\u00f6v\u00e4enluokalla ja ty\u00f6nantajaluokalla ei ole mit\u00e4\u00e4n yhteist\u00e4. Mit\u00e4\u00e4n rauhaa ei voi olla niin kauan, kuin n\u00e4lk\u00e4\u00e4 ja puutetta on olemassa miljoonilla ty\u00f6l\u00e4isill\u00e4 ja niill\u00e4 harvoilla, jotka muodostavat ty\u00f6nantajain luokan, ovat kaikki el\u00e4m\u00e4n hyvyydet.<\/em><\/p>\n\n\n\n<p class=\"has-small-font-size\">Industrial Workers of the Worldin peruskirjan esipuhe, Tie Vapauteen -lehti 1919<\/p>\n<\/blockquote>\n\n\n\n<p><\/p>\n\n\n\n<p class=\"translation-block\">IWW Suomi on ruohonjuuritason ty\u00f6v\u00e4enliitto, joka k\u00e4ytt\u00e4\u00e4 solidaarisen unionismin menetelmi\u00e4 tuotannossa ja ty\u00f6paikoilla j\u00e4rjest\u00e4ytymiseen. Emme toimi toisten puolesta \u2013 organisoidumme ty\u00f6l\u00e4isin\u00e4 yhdess\u00e4.<\/p>\n\n\n\n<p class=\"translation-block\">IWW Suomi tarjoaa toimivaksi todetun l\u00e4hestymistavan ty\u00f6paikoilla j\u00e4rjest\u00e4ytymiseen ja toverillisen verkoston liiton j\u00e4seni\u00e4. Yhdess\u00e4 voimme vied\u00e4 suoran toiminnan ty\u00f6paikoille sek\u00e4 tilanteisiin, joissa perinteisill\u00e4 liitoilla ei ole tapana toimia.<\/p>\n\n\n\n<p><\/p>\n\n\n\n<h2 class=\"wp-block-heading has-background\" style=\"background-color:#ff000070\">Kansainv\u00e4lisyys<\/h2>\n\n\n\n<p>IWW Suomi on osa laajempaa kansainv\u00e4list\u00e4 ty\u00f6v\u00e4enj\u00e4rjest\u00f6\u00e4, joka tunnetaan nimell\u00e4 Industrial Workers of the World (IWW). IWW:n toiminnan ytimess\u00e4 on ty\u00f6l\u00e4isten tukeminen kiistatilanteissa ja ty\u00f6paikoilla tapahtuva organisoituminen \u2013 erityisesti sellaisten ty\u00f6l\u00e4isten kanssa, joiden tarpeita perinteiset liitot eiv\u00e4t ole pystyneet tai halunneet huomioida. T\u00e4m\u00e4 p\u00e4ivitt\u00e4inen toiminta kytkeytyy IWW:ss\u00e4 laajempaan kamppailuun kapitalismin h\u00e4vitt\u00e4miseksi. IWW:n avoimen vallankumouksellisena tavoitteena on palkkaorjuuden lakkauttaminen. Liitolla on yli satavuotinen kansainv\u00e4linen kokemus p\u00e4\u00e4oman valtaa vastaan k\u00e4ytett\u00e4vien taktiikoiden kehitt\u00e4misess\u00e4.<\/p>\n\n\n\n<p class=\"translation-block\">Loukkaus yht\u00e4 vastaan on loukkaus kaikkia vastaan. Kamppailemme kaikkien ty\u00f6l\u00e4isten vapautumisen puolesta, etel\u00e4st\u00e4 pohjoiseen, joelta merelle.<\/p>\n\n\n\n<h2 class=\"wp-block-heading has-background\" style=\"background-color:#ff000070\">J\u00e4rjest\u00e4ytyminen tuotannonaloittain<\/h2>\n\n\n\n<p class=\"translation-block\">Toisin kuin monet muut liitot, IWW ei j\u00e4rjest\u00e4ydy perinteisten ammattialojen mukaan. Me organisoidumme tuotannonaloittain, eli kutsumme kaikkia jonkin ty\u00f6paikan tai tuotantolaitoksen ty\u00f6ntekij\u00f6it\u00e4 j\u00e4rjest\u00e4ytym\u00e4\u00e4n yhdess\u00e4. Esimerkiksi oppilaitoksen tapauksessa t\u00e4m\u00e4 tarkoittaisi sit\u00e4, ett\u00e4 sek\u00e4 oppilaitoksen siivoojat ett\u00e4 opettajat j\u00e4rjest\u00e4ytyv\u00e4t samaan yhteiseen liittoon eik\u00e4 erillisiin ammatin perusteella m\u00e4\u00e4r\u00e4ytyviin liittoihin.<\/p>\n\n\n\n<h2 class=\"wp-block-heading has-background translation-block\" style=\"background-color:#ff000070\">Moninaiset ja suomalaiset juuret<\/h2>\n\n\n\n<p>IWW perustettiin Pohjois-Amerikassa vuonna 1905. Sen vallankumouksellisena l\u00e4ht\u00f6kohtana oli olla ensimm\u00e4inen liitto, joka toivottaa kaikki ty\u00f6l\u00e4iset sukupuoleen, ihonv\u00e4riin tai siirtolaisasemaan katsomatta tervetulleeksi samaan j\u00e4rjest\u00f6\u00f6n. Monet IWW:n varhaisista j\u00e4senist\u00e4 olivat siirtolaisia, ja jotkut heist\u00e4 nousivat vaikuttaviin asemiin liiton johdossa.<\/p>\n\n\n\n<p>Suomalaiset siirtolaiset muodostivat huomattavan osan IWW:n varhaisesta j\u00e4senist\u00f6st\u00e4 ja vaikuttivat merkitt\u00e4v\u00e4sti liiton kehitykseen amerikansuomalaisten asuttamilla alueilla.<\/p>\n\n\n\n<h2 class=\"wp-block-heading has-background\" style=\"background-color:#ff000070\">Toimintamuotojen kehittely ja historiallisia hahmoja<\/h2>\n\n\n\n<p class=\"translation-block\">IWW on ollut pitk\u00e4\u00e4n etulinjassa ty\u00f6l\u00e4isten taktiikoiden luovassa kehitt\u00e4misess\u00e4 ja painottanut suoraa toimintaa pelkkiin tavanomaisiin lakkomenetelmiin turvautumisen sijasta. Yksi historiallinen hahmo IWW:n toimintamuotojen kehitt\u00e4misess\u00e4 oli liiton perustajaj\u00e4sen Lucy Parsons, jonka alkuper\u00e4isamerikkalainen, meksikolainen ja afroamerikkalainen tausta kuvasti liiton j\u00e4senist\u00f6n moninaisuutta. Er\u00e4s Parsonsin tunnetuimmista lausunnoista tavoittaa h\u00e4nen radikaalin n\u00e4kemyksens\u00e4 ty\u00f6v\u00e4en toiminnasta:<\/p>\n\n\n\n<blockquote class=\"wp-block-quote is-layout-flow wp-block-quote-is-layout-flow\">\n<p><em>\"Minun k\u00e4sitykseni tulevaisuuden lakosta ei ole sellainen, ett\u00e4 menn\u00e4\u00e4n lakkoon ja n\u00e4hd\u00e4\u00e4n n\u00e4lk\u00e4\u00e4, vaan sellainen, ett\u00e4 menn\u00e4\u00e4n lakkoon ja pysyt\u00e4\u00e4n ty\u00f6paikalla ja otetaan haltuun tuotannolle v\u00e4ltt\u00e4m\u00e4t\u00f6n omaisuus.\"<\/em><\/p>\n<\/blockquote>\n\n\n\n<p>IWW on toiminut ja toimii yh\u00e4 kautta ideologisten jakolinjojen. Jotkut j\u00e4senet ovat kiinnostuneita anarkistisista suuntauksista, toiset vaikuttuneita marxilaisesta ajattelusta. Er\u00e4s t\u00e4t\u00e4 ideologista avoimuutta henkil\u00f6inyt historiallinen hahmo oli IWW:n perustajaj\u00e4sen Big Bill Haywood. H\u00e4n uskoi etniset jaottelut ylitt\u00e4v\u00e4\u00e4n ja poliittisesti eri tavoin ajattelevien ty\u00f6l\u00e4isten yhteentulemiseen ja asetti suoran toiminnan etusijalle poliittiisiin reformeihin n\u00e4hden. Kuten Haywood kerran sanoi:<\/p>\n\n\n\n<blockquote class=\"wp-block-quote is-layout-flow wp-block-quote-is-layout-flow\">\n<p><em>\"En ole lukenut Marxin P\u00e4\u00e4omaa, mutta minulla on p\u00e4\u00e4oman j\u00e4lki\u00e4 kaikkialla ruumiissani.\"<\/em><\/p>\n<\/blockquote>\n\n\n\n<h2 class=\"wp-block-heading has-background\" style=\"background-color:#ff000070\">Hallinto<\/h2>\n\n\n\n<p>IWW Suomea hallinnoi IWW:n Finnish Regional Organising Committee (FINROC). FINROC toimii itsen\u00e4isesti, mutta osallistuu my\u00f6s IWW:n Euroopan ja L\u00e4hi-id\u00e4n alueet kattavan WISERA:n (Wales, Ireland, Scotland, England Regional Administration) hallintoon.<\/p>\n\n\n\n<p>WISERA hoitaa IWW Suomeen liittymist\u00e4 koskevat muodolliset asiat. Paikallisen j\u00e4senyysasiat kuten j\u00e4senmaksut ovat FINROC:in eli IWW Suomen hallinnollisen elimen vastuulla.<\/p>\n\n\n\n<p><strong>Hyv\u00e4ksymme samanaikaiset j\u00e4senyydet muissa liitoissa. Voit siis kuulua my\u00f6s muihin liittoihin ollessasi IWW:n j\u00e4sen.<\/strong><\/p>\n\n\n\n<h2 class=\"wp-block-heading has-background\" style=\"background-color:#ff000070\">Liiton toimitsijat<\/h2>\n\n\n\n<p>IWW:ll\u00e4 ei ole monimutkaista byrokraattista hierarkiaa. Sen sijaan valitsemme j\u00e4senten keskuudesta vapaaehtoisia toimitsijoita. He osallistuvat j\u00e4senist\u00f6n kuukausittaisiin kokouksiin ja auttavat hoitamaan hallinnollisia asioita, jotta j\u00e4senet pystyv\u00e4t keskittym\u00e4\u00e4n j\u00e4rjest\u00e4ytymiseen ty\u00f6paikoillaan.<\/p>\n\n\n\n<p>IWW Suomella on t\u00e4ll\u00e4 hetkell\u00e4 seuraavat toimitsijat: sihteeri, puheenjohtaja, varapuheenjohtaja ja rahastonhoitaja. Olemme my\u00f6s valinneet kansainv\u00e4listen suhteiden delegaatin. Etsimme t\u00e4ll\u00e4 hetkell\u00e4 lis\u00e4ksi toimitsijoita seuraaviin teht\u00e4viin: viestint\u00e4vastaava, transformatiivisen oikeuden toimitsija, j\u00e4senasioista vastaava toimitsija. Liiton j\u00e4senen\u00e4 voit asettua ehdolle toimitsijan teht\u00e4v\u00e4\u00e4n.<\/p>\n\n\n\n<h2 class=\"wp-block-heading has-background\" style=\"background-color:#ff000070\">J\u00e4rjest\u00f6n rakenne ja s\u00e4\u00e4nn\u00f6t<\/h2>\n\n\n\n<div data-wp-interactive=\"core\/file\" class=\"wp-block-file\"><object data-wp-bind--hidden=\"!state.hasPdfPreview\" hidden class=\"wp-block-file__embed\" data=\"https:\/\/www.iww.fi\/wp-content\/uploads\/2025\/07\/Constitution-and-Internal-Rules-IWW-FINROC-1.pdf\" type=\"application\/pdf\" style=\"width:100%;height:600px\" aria-label=\"Tiedoston Constitution-and-Internal-Rules-IWW-FINROC upotus.\"><\/object><a id=\"wp-block-file--media-d9008c5e-c718-43e3-9455-f4d694c3e921\" href=\"https:\/\/www.iww.fi\/wp-content\/uploads\/2025\/07\/Constitution-and-Internal-Rules-IWW-FINROC-1.pdf\">Constitution-and-Internal-Rules-IWW-FINROC<\/a><a href=\"https:\/\/www.iww.fi\/wp-content\/uploads\/2025\/07\/Constitution-and-Internal-Rules-IWW-FINROC-1.pdf\" class=\"wp-block-file__button wp-element-button\" download aria-describedby=\"wp-block-file--media-d9008c5e-c718-43e3-9455-f4d694c3e921\">Download<\/a><\/div>","protected":false},"excerpt":{"rendered":"<p>The working class and the employing class have nothing in common.There can be no peace so long as hunger and want are found among millions of the working people and the few, who make up the employing class, have all the good things of life. Preamble of the Constitution of the Industrial Workers of the [&hellip;]<\/p>","protected":false},"author":1,"featured_media":0,"parent":0,"menu_order":0,"comment_status":"closed","ping_status":"closed","template":"","meta":{"footnotes":""},"class_list":["post-35","page","type-page","status-publish","hentry"],"yoast_head":"<!-- This site is optimized with the Yoast SEO plugin v25.4 - https:\/\/yoast.com\/wordpress\/plugins\/seo\/ -->\n<title>About - Industrial Workers of the World - IWW Suomi<\/title>\n<meta name=\"robots\" content=\"index, follow, max-snippet:-1, max-image-preview:large, max-video-preview:-1\" \/>\n<link rel=\"canonical\" href=\"https:\/\/www.iww.fi\/fi\/about\/\" \/>\n<meta property=\"og:locale\" content=\"fi_FI\" \/>\n<meta property=\"og:type\" content=\"article\" \/>\n<meta property=\"og:title\" content=\"About - Industrial Workers of the World - IWW Suomi\" \/>\n<meta property=\"og:description\" content=\"The working class and the employing class have nothing in common.There can be no peace so long as hunger and want are found among millions of the working people and the few, who make up the employing class, have all the good things of life. Preamble of the Constitution of the Industrial Workers of the [&hellip;]\" \/>\n<meta property=\"og:url\" content=\"https:\/\/www.iww.fi\/fi\/about\/\" \/>\n<meta property=\"og:site_name\" content=\"Industrial Workers of the World - IWW Suomi\" \/>\n<meta property=\"article:modified_time\" content=\"2025-07-10T14:00:04+00:00\" \/>\n<meta name=\"twitter:card\" content=\"summary_large_image\" \/>\n<meta name=\"twitter:label1\" content=\"Arvioitu lukuaika\" \/>\n\t<meta name=\"twitter:data1\" content=\"3 minuuttia\" \/>\n<script type=\"application\/ld+json\" class=\"yoast-schema-graph\">{\"@context\":\"https:\/\/schema.org\",\"@graph\":[{\"@type\":\"WebPage\",\"@id\":\"https:\/\/www.iww.fi\/about\/\",\"url\":\"https:\/\/www.iww.fi\/about\/\",\"name\":\"About - Industrial Workers of the World - IWW Suomi\",\"isPartOf\":{\"@id\":\"https:\/\/www.iww.fi\/fi\/#website\"},\"datePublished\":\"2025-07-05T08:58:06+00:00\",\"dateModified\":\"2025-07-10T14:00:04+00:00\",\"breadcrumb\":{\"@id\":\"https:\/\/www.iww.fi\/about\/#breadcrumb\"},\"inLanguage\":\"fi\",\"potentialAction\":[{\"@type\":\"ReadAction\",\"target\":[\"https:\/\/www.iww.fi\/about\/\"]}]},{\"@type\":\"BreadcrumbList\",\"@id\":\"https:\/\/www.iww.fi\/about\/#breadcrumb\",\"itemListElement\":[{\"@type\":\"ListItem\",\"position\":1,\"name\":\"Home\",\"item\":\"https:\/\/www.iww.fi\/fi\/\"},{\"@type\":\"ListItem\",\"position\":2,\"name\":\"About\"}]},{\"@type\":\"WebSite\",\"@id\":\"https:\/\/www.iww.fi\/fi\/#website\",\"url\":\"https:\/\/www.iww.fi\/fi\/\",\"name\":\"Union in Solidarity\",\"description\":\"Union in Solidarity\",\"publisher\":{\"@id\":\"https:\/\/www.iww.fi\/fi\/#organization\"},\"potentialAction\":[{\"@type\":\"SearchAction\",\"target\":{\"@type\":\"EntryPoint\",\"urlTemplate\":\"https:\/\/www.iww.fi\/fi\/?s={search_term_string}\"},\"query-input\":{\"@type\":\"PropertyValueSpecification\",\"valueRequired\":true,\"valueName\":\"search_term_string\"}}],\"inLanguage\":\"fi\"},{\"@type\":\"Organization\",\"@id\":\"https:\/\/www.iww.fi\/fi\/#organization\",\"name\":\"IWW Suomi\",\"url\":\"https:\/\/www.iww.fi\/fi\/\",\"logo\":{\"@type\":\"ImageObject\",\"inLanguage\":\"fi\",\"@id\":\"https:\/\/www.iww.fi\/fi\/#\/schema\/logo\/image\/\",\"url\":\"https:\/\/www.iww.fi\/wp-content\/uploads\/2025\/07\/silhouette-lynx-on-white-background-260nw-1027674424.jpg\",\"contentUrl\":\"https:\/\/www.iww.fi\/wp-content\/uploads\/2025\/07\/silhouette-lynx-on-white-background-260nw-1027674424.jpg\",\"width\":816,\"height\":948,\"caption\":\"IWW Suomi\"},\"image\":{\"@id\":\"https:\/\/www.iww.fi\/fi\/#\/schema\/logo\/image\/\"}}]}<\/script>\n<!-- \/ Yoast SEO plugin. -->","yoast_head_json":{"title":"About - Industrial Workers of the World - IWW Suomi","robots":{"index":"index","follow":"follow","max-snippet":"max-snippet:-1","max-image-preview":"max-image-preview:large","max-video-preview":"max-video-preview:-1"},"canonical":"https:\/\/www.iww.fi\/fi\/about\/","og_locale":"fi_FI","og_type":"article","og_title":"About - Industrial Workers of the World - IWW Suomi","og_description":"The working class and the employing class have nothing in common.There can be no peace so long as hunger and want are found among millions of the working people and the few, who make up the employing class, have all the good things of life. Preamble of the Constitution of the Industrial Workers of the [&hellip;]","og_url":"https:\/\/www.iww.fi\/fi\/about\/","og_site_name":"Industrial Workers of the World - IWW Suomi","article_modified_time":"2025-07-10T14:00:04+00:00","twitter_card":"summary_large_image","twitter_misc":{"Arvioitu lukuaika":"3 minuuttia"},"schema":{"@context":"https:\/\/schema.org","@graph":[{"@type":"WebPage","@id":"https:\/\/www.iww.fi\/about\/","url":"https:\/\/www.iww.fi\/about\/","name":"About - Industrial Workers of the World - IWW Suomi","isPartOf":{"@id":"https:\/\/www.iww.fi\/fi\/#website"},"datePublished":"2025-07-05T08:58:06+00:00","dateModified":"2025-07-10T14:00:04+00:00","breadcrumb":{"@id":"https:\/\/www.iww.fi\/about\/#breadcrumb"},"inLanguage":"fi","potentialAction":[{"@type":"ReadAction","target":["https:\/\/www.iww.fi\/about\/"]}]},{"@type":"BreadcrumbList","@id":"https:\/\/www.iww.fi\/about\/#breadcrumb","itemListElement":[{"@type":"ListItem","position":1,"name":"Home","item":"https:\/\/www.iww.fi\/fi\/"},{"@type":"ListItem","position":2,"name":"About"}]},{"@type":"WebSite","@id":"https:\/\/www.iww.fi\/fi\/#website","url":"https:\/\/www.iww.fi\/fi\/","name":"Union in Solidarity","description":"Union in Solidarity","publisher":{"@id":"https:\/\/www.iww.fi\/fi\/#organization"},"potentialAction":[{"@type":"SearchAction","target":{"@type":"EntryPoint","urlTemplate":"https:\/\/www.iww.fi\/fi\/?s={search_term_string}"},"query-input":{"@type":"PropertyValueSpecification","valueRequired":true,"valueName":"search_term_string"}}],"inLanguage":"fi"},{"@type":"Organization","@id":"https:\/\/www.iww.fi\/fi\/#organization","name":"IWW Suomi","url":"https:\/\/www.iww.fi\/fi\/","logo":{"@type":"ImageObject","inLanguage":"fi","@id":"https:\/\/www.iww.fi\/fi\/#\/schema\/logo\/image\/","url":"https:\/\/www.iww.fi\/wp-content\/uploads\/2025\/07\/silhouette-lynx-on-white-background-260nw-1027674424.jpg","contentUrl":"https:\/\/www.iww.fi\/wp-content\/uploads\/2025\/07\/silhouette-lynx-on-white-background-260nw-1027674424.jpg","width":816,"height":948,"caption":"IWW Suomi"},"image":{"@id":"https:\/\/www.iww.fi\/fi\/#\/schema\/logo\/image\/"}}]}},"_links":{"self":[{"href":"https:\/\/www.iww.fi\/fi\/wp-json\/wp\/v2\/pages\/35","targetHints":{"allow":["GET"]}}],"collection":[{"href":"https:\/\/www.iww.fi\/fi\/wp-json\/wp\/v2\/pages"}],"about":[{"href":"https:\/\/www.iww.fi\/fi\/wp-json\/wp\/v2\/types\/page"}],"author":[{"embeddable":true,"href":"https:\/\/www.iww.fi\/fi\/wp-json\/wp\/v2\/users\/1"}],"replies":[{"embeddable":true,"href":"https:\/\/www.iww.fi\/fi\/wp-json\/wp\/v2\/comments?post=35"}],"version-history":[{"count":12,"href":"https:\/\/www.iww.fi\/fi\/wp-json\/wp\/v2\/pages\/35\/revisions"}],"predecessor-version":[{"id":178,"href":"https:\/\/www.iww.fi\/fi\/wp-json\/wp\/v2\/pages\/35\/revisions\/178"}],"wp:attachment":[{"href":"https:\/\/www.iww.fi\/fi\/wp-json\/wp\/v2\/media?parent=35"}],"curies":[{"name":"wp","href":"https:\/\/api.w.org\/{rel}","templated":true}]}}