{"id":20,"date":"2025-07-04T21:53:22","date_gmt":"2025-07-04T19:53:22","guid":{"rendered":"http:\/\/www.iww.fi\/?page_id=20"},"modified":"2025-07-10T16:22:20","modified_gmt":"2025-07-10T14:22:20","slug":"20-2","status":"publish","type":"page","link":"https:\/\/www.iww.fi\/fi\/","title":{"rendered":""},"content":{"rendered":"<p class=\"has-text-align-center translation-block\">IWW Suomi on ruohonjuuritason ty\u00f6v\u00e4enliitto, joka k\u00e4ytt\u00e4\u00e4 solidaarisen unionismin menetelmi\u00e4 tuotannossa ja ty\u00f6paikoilla j\u00e4rjest\u00e4ytymiseen. Emme toimi toisten puolesta \u2013 organisoidumme ty\u00f6l\u00e4isin\u00e4 yhdess\u00e4.<\/p>\n\n\n\n<p class=\"has-text-align-center translation-block\">IWW Suomi tarjoaa toimivaksi todetun l\u00e4hestymistavan ty\u00f6paikoilla j\u00e4rjest\u00e4ytymiseen ja toverillisen verkoston liiton j\u00e4seni\u00e4. Yhdess\u00e4 voimme vied\u00e4 suoran toiminnan ty\u00f6paikoille sek\u00e4 tilanteisiin, joissa perinteisill\u00e4 liitoilla ei ole tapana toimia.<\/p>\n\n\n\n<p style=\"margin-top:var(--wp--preset--spacing--50);margin-bottom:var(--wp--preset--spacing--50)\"><\/p>\n\n\n\n<div class=\"wp-block-columns is-layout-flex wp-container-core-columns-is-layout-28f84493 wp-block-columns-is-layout-flex\">\n<div class=\"wp-block-column is-layout-flow wp-block-column-is-layout-flow\">\n<div class=\"wp-block-buttons is-content-justification-center is-layout-flex wp-container-core-buttons-is-layout-a89b3969 wp-block-buttons-is-layout-flex\">\n<div class=\"wp-block-button\"><a class=\"wp-block-button__link wp-element-button\" href=\"https:\/\/www.iww.fi\/fi\/category\/news\/\">Uutiset<\/a><\/div>\n<\/div>\n<\/div>\n\n\n\n<div class=\"wp-block-column is-layout-flow wp-block-column-is-layout-flow\">\n<div class=\"wp-block-buttons is-content-justification-center is-layout-flex wp-container-core-buttons-is-layout-a89b3969 wp-block-buttons-is-layout-flex\">\n<div class=\"wp-block-button\"><a class=\"wp-block-button__link has-text-align-center wp-element-button\" href=\"https:\/\/www.iww.fi\/fi\/register\/\">Liittyminen<\/a><\/div>\n<\/div>\n<\/div>\n\n\n\n<div class=\"wp-block-column is-layout-flow wp-block-column-is-layout-flow\">\n<div class=\"wp-block-buttons is-content-justification-center is-layout-flex wp-container-core-buttons-is-layout-a89b3969 wp-block-buttons-is-layout-flex\">\n<div class=\"wp-block-button\"><a class=\"wp-block-button__link wp-element-button\" href=\"https:\/\/www.iww.fi\/fi\/about\/\">Info<\/a><\/div>\n<\/div>\n<\/div>\n<\/div>\n\n\n\n<p style=\"margin-top:var(--wp--preset--spacing--70);margin-bottom:var(--wp--preset--spacing--70)\"><\/p>\n\n\n\n<p><\/p>\n\n\n\n<div class=\"wp-block-cover alignfull wp-duotone-rgb4247103-rgb21419442-2\" style=\"margin-top:0;padding-top:48px;padding-right:48px;padding-bottom:48px;padding-left:48px;min-height:66vh;aspect-ratio:unset;\"><img loading=\"lazy\" decoding=\"async\" width=\"1024\" height=\"576\" class=\"wp-block-cover__image-background wp-image-169 size-large\" alt=\"\" src=\"https:\/\/www.iww.fi\/wp-content\/uploads\/2025\/07\/rkjha7hynu901-1024x576.jpg\" data-object-fit=\"cover\" srcset=\"https:\/\/www.iww.fi\/wp-content\/uploads\/2025\/07\/rkjha7hynu901-1024x576.jpg 1024w, https:\/\/www.iww.fi\/wp-content\/uploads\/2025\/07\/rkjha7hynu901-300x169.jpg 300w, https:\/\/www.iww.fi\/wp-content\/uploads\/2025\/07\/rkjha7hynu901-768x432.jpg 768w, https:\/\/www.iww.fi\/wp-content\/uploads\/2025\/07\/rkjha7hynu901-1536x864.jpg 1536w, https:\/\/www.iww.fi\/wp-content\/uploads\/2025\/07\/rkjha7hynu901-18x10.jpg 18w, https:\/\/www.iww.fi\/wp-content\/uploads\/2025\/07\/rkjha7hynu901.jpg 1920w\" sizes=\"auto, (max-width: 1024px) 100vw, 1024px\" \/><span aria-hidden=\"true\" class=\"wp-block-cover__background has-background-dim-30 has-background-dim\" style=\"background-color:#767975\"><\/span><div class=\"wp-block-cover__inner-container is-layout-flow wp-block-cover-is-layout-flow\">\n<div class=\"wp-block-group has-global-padding is-layout-constrained wp-container-core-group-is-layout-4582f6a7 wp-block-group-is-layout-constrained\">\n<h2 class=\"wp-block-heading alignwide has-text-align-right has-white-color has-text-color\" style=\"font-size:clamp(50.171px, 3.136rem + ((1vw - 3.2px) * 4.885), 100px);font-style:normal;font-weight:700;letter-spacing:0px;line-height:1;text-transform:uppercase\">T\u00f6iss\u00e4 j\u00e4rjest\u00e4ytyminen<\/h2>\n<\/div>\n\n\n\n<div style=\"height:72px\" aria-hidden=\"true\" class=\"wp-block-spacer\"><\/div>\n\n\n\n<div class=\"wp-block-buttons is-content-justification-left is-nowrap is-layout-flex wp-container-core-buttons-is-layout-92e17da2 wp-block-buttons-is-layout-flex\">\n<div class=\"wp-block-button is-style-outline is-style-outline--1\"><a class=\"wp-block-button__link has-white-color has-text-color has-custom-font-size wp-element-button\" href=\"https:\/\/www.iww.fi\/fi\/2025\/07\/06\/workshop-on-workplace-organising-july-2025\/\" style=\"padding-top:24px;padding-right:48px;padding-bottom:24px;padding-left:48px;font-size:clamp(14px, 0.875rem + ((1vw - 3.2px) * 0.196), 16px);font-style:normal;font-weight:600;letter-spacing:0px;text-transform:uppercase\">Info<\/a><\/div>\n<\/div>\n<\/div><\/div>\n\n\n\n<p class=\"has-text-align-center\"><\/p>\n\n\n\n<div class=\"wp-block-cover alignfull is-light wp-duotone-094850-f9644e-4\" style=\"margin-top:0;padding-top:48px;padding-right:48px;padding-bottom:48px;padding-left:48px;min-height:66vh;aspect-ratio:unset;\"><img loading=\"lazy\" decoding=\"async\" width=\"1024\" height=\"690\" class=\"wp-block-cover__image-background wp-image-170 size-large\" alt=\"\" src=\"https:\/\/www.iww.fi\/wp-content\/uploads\/2025\/07\/alpo-jaakola-SNL6T-1024x690.jpeg\" data-object-fit=\"cover\" srcset=\"https:\/\/www.iww.fi\/wp-content\/uploads\/2025\/07\/alpo-jaakola-SNL6T-1024x690.jpeg 1024w, https:\/\/www.iww.fi\/wp-content\/uploads\/2025\/07\/alpo-jaakola-SNL6T-300x202.jpeg 300w, https:\/\/www.iww.fi\/wp-content\/uploads\/2025\/07\/alpo-jaakola-SNL6T-768x517.jpeg 768w, https:\/\/www.iww.fi\/wp-content\/uploads\/2025\/07\/alpo-jaakola-SNL6T-1536x1034.jpeg 1536w, https:\/\/www.iww.fi\/wp-content\/uploads\/2025\/07\/alpo-jaakola-SNL6T-18x12.jpeg 18w, https:\/\/www.iww.fi\/wp-content\/uploads\/2025\/07\/alpo-jaakola-SNL6T.jpeg 2000w\" sizes=\"auto, (max-width: 1024px) 100vw, 1024px\" \/><span aria-hidden=\"true\" class=\"wp-block-cover__background has-background-dim-30 has-background-dim\" style=\"background-color:#96938a\"><\/span><div class=\"wp-block-cover__inner-container is-layout-flow wp-block-cover-is-layout-flow\">\n<div class=\"wp-block-group has-global-padding is-content-justification-left is-layout-constrained wp-container-core-group-is-layout-0b562c1c wp-block-group-is-layout-constrained\">\n<h2 class=\"wp-block-heading has-text-align-left has-white-color has-text-color\" style=\"font-size:clamp(50.171px, 3.136rem + ((1vw - 3.2px) * 4.885), 100px);font-style:normal;font-weight:700;letter-spacing:0px;line-height:1;text-transform:uppercase\">Mit\u00e4 on solidaarinen unionismi?<\/h2>\n<\/div>\n\n\n\n<div style=\"height:72px\" aria-hidden=\"true\" class=\"wp-block-spacer\"><\/div>\n\n\n\n<div class=\"wp-block-buttons is-content-justification-right is-nowrap is-layout-flex wp-container-core-buttons-is-layout-5355fa85 wp-block-buttons-is-layout-flex\">\n<div class=\"wp-block-button is-style-outline is-style-outline--3\"><a class=\"wp-block-button__link has-white-color has-text-color has-custom-font-size wp-element-button\" href=\"https:\/\/www.iww.fi\/fi\/2025\/05\/06\/solidarity-unionism\/\" style=\"padding-top:24px;padding-right:48px;padding-bottom:24px;padding-left:48px;font-size:clamp(14px, 0.875rem + ((1vw - 3.2px) * 0.196), 16px);font-style:normal;font-weight:600;letter-spacing:0px;text-transform:uppercase\">Info<\/a><\/div>\n<\/div>\n<\/div><\/div>\n\n\n\n<p class=\"has-text-align-center\"><\/p>\n\n\n\n<p class=\"is-style-default\"><\/p>\n\n\n\n<p><\/p>","protected":false},"excerpt":{"rendered":"<p>Industrial Workers of the World (IWW) Suomi&nbsp;is a grassroots union that uses the methods of solidarity unionism to organise across industries and workplaces.We do not organise on behalf of people, but as fellow workers, organising together. What IWW Suomi offers is a tried-and-tested framework for workplace organising and a network of comradely members. Together, we [&hellip;]<\/p>","protected":false},"author":1,"featured_media":0,"parent":0,"menu_order":0,"comment_status":"closed","ping_status":"closed","template":"","meta":{"footnotes":""},"class_list":["post-20","page","type-page","status-publish","hentry"],"yoast_head":"<!-- This site is optimized with the Yoast SEO plugin v25.4 - https:\/\/yoast.com\/wordpress\/plugins\/seo\/ -->\n<title>- Industrial Workers of the World - IWW Suomi<\/title>\n<meta name=\"robots\" content=\"index, follow, max-snippet:-1, max-image-preview:large, max-video-preview:-1\" \/>\n<link rel=\"canonical\" href=\"https:\/\/www.iww.fi\/fi\/\" \/>\n<meta property=\"og:locale\" content=\"fi_FI\" \/>\n<meta property=\"og:type\" content=\"article\" \/>\n<meta property=\"og:title\" content=\"- Industrial Workers of the World - IWW Suomi\" \/>\n<meta property=\"og:description\" content=\"Industrial Workers of the World (IWW) Suomi&nbsp;is a grassroots union that uses the methods of solidarity unionism to organise across industries and workplaces.We do not organise on behalf of people, but as fellow workers, organising together. What IWW Suomi offers is a tried-and-tested framework for workplace organising and a network of comradely members. Together, we [&hellip;]\" \/>\n<meta property=\"og:url\" content=\"https:\/\/www.iww.fi\/fi\/\" \/>\n<meta property=\"og:site_name\" content=\"Industrial Workers of the World - IWW Suomi\" \/>\n<meta property=\"article:modified_time\" content=\"2025-07-10T14:22:20+00:00\" \/>\n<meta property=\"og:image\" content=\"https:\/\/www.iww.fi\/wp-content\/uploads\/2025\/07\/rkjha7hynu901-1024x576.jpg\" \/>\n<meta name=\"twitter:card\" content=\"summary_large_image\" \/>\n<meta name=\"twitter:label1\" content=\"Arvioitu lukuaika\" \/>\n\t<meta name=\"twitter:data1\" content=\"1 minuutti\" \/>\n<script type=\"application\/ld+json\" class=\"yoast-schema-graph\">{\"@context\":\"https:\/\/schema.org\",\"@graph\":[{\"@type\":\"WebPage\",\"@id\":\"https:\/\/www.iww.fi\/fi\/\",\"url\":\"https:\/\/www.iww.fi\/fi\/\",\"name\":\"- Industrial Workers of the World - IWW Suomi\",\"isPartOf\":{\"@id\":\"https:\/\/www.iww.fi\/fi\/#website\"},\"primaryImageOfPage\":{\"@id\":\"https:\/\/www.iww.fi\/fi\/#primaryimage\"},\"image\":{\"@id\":\"https:\/\/www.iww.fi\/fi\/#primaryimage\"},\"thumbnailUrl\":\"https:\/\/www.iww.fi\/wp-content\/uploads\/2025\/07\/rkjha7hynu901-1024x576.jpg\",\"datePublished\":\"2025-07-04T19:53:22+00:00\",\"dateModified\":\"2025-07-10T14:22:20+00:00\",\"inLanguage\":\"fi\",\"potentialAction\":[{\"@type\":\"ReadAction\",\"target\":[\"https:\/\/www.iww.fi\/fi\/\"]}]},{\"@type\":\"ImageObject\",\"inLanguage\":\"fi\",\"@id\":\"https:\/\/www.iww.fi\/fi\/#primaryimage\",\"url\":\"https:\/\/www.iww.fi\/wp-content\/uploads\/2025\/07\/rkjha7hynu901-1024x576.jpg\",\"contentUrl\":\"https:\/\/www.iww.fi\/wp-content\/uploads\/2025\/07\/rkjha7hynu901-1024x576.jpg\"},{\"@type\":\"WebSite\",\"@id\":\"https:\/\/www.iww.fi\/fi\/#website\",\"url\":\"https:\/\/www.iww.fi\/fi\/\",\"name\":\"Union in Solidarity\",\"description\":\"Union in Solidarity\",\"publisher\":{\"@id\":\"https:\/\/www.iww.fi\/fi\/#organization\"},\"potentialAction\":[{\"@type\":\"SearchAction\",\"target\":{\"@type\":\"EntryPoint\",\"urlTemplate\":\"https:\/\/www.iww.fi\/fi\/?s={search_term_string}\"},\"query-input\":{\"@type\":\"PropertyValueSpecification\",\"valueRequired\":true,\"valueName\":\"search_term_string\"}}],\"inLanguage\":\"fi\"},{\"@type\":\"Organization\",\"@id\":\"https:\/\/www.iww.fi\/fi\/#organization\",\"name\":\"IWW Suomi\",\"url\":\"https:\/\/www.iww.fi\/fi\/\",\"logo\":{\"@type\":\"ImageObject\",\"inLanguage\":\"fi\",\"@id\":\"https:\/\/www.iww.fi\/fi\/#\/schema\/logo\/image\/\",\"url\":\"https:\/\/www.iww.fi\/wp-content\/uploads\/2025\/07\/silhouette-lynx-on-white-background-260nw-1027674424.jpg\",\"contentUrl\":\"https:\/\/www.iww.fi\/wp-content\/uploads\/2025\/07\/silhouette-lynx-on-white-background-260nw-1027674424.jpg\",\"width\":816,\"height\":948,\"caption\":\"IWW Suomi\"},\"image\":{\"@id\":\"https:\/\/www.iww.fi\/fi\/#\/schema\/logo\/image\/\"}}]}<\/script>\n<!-- \/ Yoast SEO plugin. -->","yoast_head_json":{"title":"- Industrial Workers of the World - IWW Suomi","robots":{"index":"index","follow":"follow","max-snippet":"max-snippet:-1","max-image-preview":"max-image-preview:large","max-video-preview":"max-video-preview:-1"},"canonical":"https:\/\/www.iww.fi\/fi\/","og_locale":"fi_FI","og_type":"article","og_title":"- Industrial Workers of the World - IWW Suomi","og_description":"Industrial Workers of the World (IWW) Suomi&nbsp;is a grassroots union that uses the methods of solidarity unionism to organise across industries and workplaces.We do not organise on behalf of people, but as fellow workers, organising together. What IWW Suomi offers is a tried-and-tested framework for workplace organising and a network of comradely members. Together, we [&hellip;]","og_url":"https:\/\/www.iww.fi\/fi\/","og_site_name":"Industrial Workers of the World - IWW Suomi","article_modified_time":"2025-07-10T14:22:20+00:00","og_image":[{"url":"https:\/\/www.iww.fi\/wp-content\/uploads\/2025\/07\/rkjha7hynu901-1024x576.jpg","type":"","width":"","height":""}],"twitter_card":"summary_large_image","twitter_misc":{"Arvioitu lukuaika":"1 minuutti"},"schema":{"@context":"https:\/\/schema.org","@graph":[{"@type":"WebPage","@id":"https:\/\/www.iww.fi\/fi\/","url":"https:\/\/www.iww.fi\/fi\/","name":"- Industrial Workers of the World - IWW Suomi","isPartOf":{"@id":"https:\/\/www.iww.fi\/fi\/#website"},"primaryImageOfPage":{"@id":"https:\/\/www.iww.fi\/fi\/#primaryimage"},"image":{"@id":"https:\/\/www.iww.fi\/fi\/#primaryimage"},"thumbnailUrl":"https:\/\/www.iww.fi\/wp-content\/uploads\/2025\/07\/rkjha7hynu901-1024x576.jpg","datePublished":"2025-07-04T19:53:22+00:00","dateModified":"2025-07-10T14:22:20+00:00","inLanguage":"fi","potentialAction":[{"@type":"ReadAction","target":["https:\/\/www.iww.fi\/fi\/"]}]},{"@type":"ImageObject","inLanguage":"fi","@id":"https:\/\/www.iww.fi\/fi\/#primaryimage","url":"https:\/\/www.iww.fi\/wp-content\/uploads\/2025\/07\/rkjha7hynu901-1024x576.jpg","contentUrl":"https:\/\/www.iww.fi\/wp-content\/uploads\/2025\/07\/rkjha7hynu901-1024x576.jpg"},{"@type":"WebSite","@id":"https:\/\/www.iww.fi\/fi\/#website","url":"https:\/\/www.iww.fi\/fi\/","name":"Union in Solidarity","description":"Union in Solidarity","publisher":{"@id":"https:\/\/www.iww.fi\/fi\/#organization"},"potentialAction":[{"@type":"SearchAction","target":{"@type":"EntryPoint","urlTemplate":"https:\/\/www.iww.fi\/fi\/?s={search_term_string}"},"query-input":{"@type":"PropertyValueSpecification","valueRequired":true,"valueName":"search_term_string"}}],"inLanguage":"fi"},{"@type":"Organization","@id":"https:\/\/www.iww.fi\/fi\/#organization","name":"IWW Suomi","url":"https:\/\/www.iww.fi\/fi\/","logo":{"@type":"ImageObject","inLanguage":"fi","@id":"https:\/\/www.iww.fi\/fi\/#\/schema\/logo\/image\/","url":"https:\/\/www.iww.fi\/wp-content\/uploads\/2025\/07\/silhouette-lynx-on-white-background-260nw-1027674424.jpg","contentUrl":"https:\/\/www.iww.fi\/wp-content\/uploads\/2025\/07\/silhouette-lynx-on-white-background-260nw-1027674424.jpg","width":816,"height":948,"caption":"IWW Suomi"},"image":{"@id":"https:\/\/www.iww.fi\/fi\/#\/schema\/logo\/image\/"}}]}},"_links":{"self":[{"href":"https:\/\/www.iww.fi\/fi\/wp-json\/wp\/v2\/pages\/20","targetHints":{"allow":["GET"]}}],"collection":[{"href":"https:\/\/www.iww.fi\/fi\/wp-json\/wp\/v2\/pages"}],"about":[{"href":"https:\/\/www.iww.fi\/fi\/wp-json\/wp\/v2\/types\/page"}],"author":[{"embeddable":true,"href":"https:\/\/www.iww.fi\/fi\/wp-json\/wp\/v2\/users\/1"}],"replies":[{"embeddable":true,"href":"https:\/\/www.iww.fi\/fi\/wp-json\/wp\/v2\/comments?post=20"}],"version-history":[{"count":34,"href":"https:\/\/www.iww.fi\/fi\/wp-json\/wp\/v2\/pages\/20\/revisions"}],"predecessor-version":[{"id":182,"href":"https:\/\/www.iww.fi\/fi\/wp-json\/wp\/v2\/pages\/20\/revisions\/182"}],"wp:attachment":[{"href":"https:\/\/www.iww.fi\/fi\/wp-json\/wp\/v2\/media?parent=20"}],"curies":[{"name":"wp","href":"https:\/\/api.w.org\/{rel}","templated":true}]}}